{"id":709,"date":"2019-08-28T09:25:00","date_gmt":"2019-08-28T13:25:00","guid":{"rendered":"https:\/\/www.ciclogestion.cl\/web\/?page_id=709"},"modified":"2019-12-03T09:36:08","modified_gmt":"2019-12-03T12:36:08","slug":"nuestros-servicios-ciclogestion","status":"publish","type":"page","link":"https:\/\/www.ciclogestion.cl\/web\/nuestros-servicios-ciclogestion\/","title":{"rendered":"Nuestros Servicios &#8211; Ciclogesti\u00f3n"},"content":{"rendered":"<div id=\"pl-709\"  class=\"panel-layout\" ><div id=\"sep-pg-709-0\" class=\"panel-grid panel-has-style\" ><div style=\"background-image: url(https:\/\/www.ciclogestion.cl\/web\/wp-content\/uploads\/2017\/02\/wood-min.jpg);background-size: cover;background-position: center top;opacity: 0;\" class=\"panel-row-style kt-row-style-no-padding siteorigin-panels-stretch kt-panel-row-stretch\" data-stretch-type=\"full\" ><div class=\"inner-sep-content-wrap\"><div id=\"pg-709-0\"  class=\"panel-grid panel-has-style\" ><div class=\"panel-row-style panel-row-style-for-709-0\" ><div id=\"pgc-709-0-0\"  class=\"panel-grid-cell\" >\n\n        <div id=\"panel-709-0-0-0\" class=\"so-panel widget widget_kadence_calltoaction_widget kadence_calltoaction_widget panel-first-child panel-last-child\" data-index=\"0\" ><div class=\"panel-widget-style panel-widget-style-for-709-0-0-0\" ><div class=\"kt-ctaw clearfix\"><h1 class=\"kt-call-to-action-title\" style=\"color:#ffffff; font-size:46px; line-height:1; text-align:center; \"  data-max-size=\"46\" data-min-size=\"24\">NUESTROS SERVICIOS<\/h1><h5 class=\"kt-call-to-action-subtitle\" style=\"color:#ffffff; font-size:20px; line-height:1; text-align:center; font-weight:300;\"  data-max-size=\"20\" data-min-size=\"20\">Aplicamos nuestra experiencia y conocimiento en solucionar sus problemas ambientales<\/h5><\/div><\/div><\/div>\n    <\/div><\/div><\/div><div class=\"panel-row-style kt-row-style-no-padding kt_sep_panel sep_center_triangle siteorigin-panels-stretch\" data-stretch-type=\"full-stretched\"><svg style=\"fill:#fff;\" viewBox=\"0 0 100 100\" preserveAspectRatio=\"none\"><path class=\"large-center-triangle\" d=\"M0 0 L50 90 L100 0 V100 H0\"\/><\/svg><\/div><\/div><\/div><\/div><div id=\"pg-709-1\"  class=\"panel-grid panel-no-style\" ><div id=\"pgc-709-1-0\"  class=\"panel-grid-cell\" ><div id=\"panel-709-1-0-0\" class=\"so-panel widget widget_black-studio-tinymce widget_black_studio_tinymce panel-first-child panel-last-child\" data-index=\"1\" ><div class=\"panel-widget-style panel-widget-style-for-709-1-0-0\" ><div class=\"textwidget\"><\/p>\n<hr>\n<\/div><\/div><\/div><\/div><\/div><div id=\"pg-709-2\"  class=\"panel-grid panel-has-style\" ><div class=\"panel-row-style panel-row-style-for-709-2\" ><div id=\"pgc-709-2-0\"  class=\"panel-grid-cell\" ><div id=\"panel-709-2-0-0\" class=\"so-panel widget widget_black-studio-tinymce widget_black_studio_tinymce panel-first-child panel-last-child\" data-index=\"2\" ><div class=\"kt-pb-animation kt-pb-fadeInLeft kt-pb-duration-900 kt-pb-delay-300 panel-widget-style panel-widget-style-for-709-2-0-0\" ><div class=\"textwidget\"><h2>\t\t\t\t\t\t\t<i class=\"kt-shortcode-icon kt-icon-leaf\" \n\t\tstyle=\"font-size:34px; color:#97c13c; \n\t\t\t\t \t\t\"><\/i>\n\t\t\t\t\t GESTION AMBIENTAL<\/h2>\n<ul>\n<li><span class=\"s2\">Elaboraci\u00f3n y tramitaci\u00f3n de Declaraciones de Impacto Ambiental, Consultas de pertinencias, cambio de titularidad, entre otros.<\/span><\/li>\n<li><span class=\"s2\">Estudios de l\u00ednea base (Estimaci\u00f3n de emisiones atmosf\u00e9ricas, ruido, flora y fauna, suelos, topograf\u00eda, entre otros).<\/span><\/li>\n<li><span class=\"s2\">Auditor\u00edas de Seguimiento Resoluciones de Calificaci\u00f3n Ambiental (RCA).<\/span><\/li>\n<li><span class=\"s2\">Tramitaci\u00f3n de permisos sectoriales ante la SEREMI de Salud:<\/span>\n<ul>\n<li><span class=\"s2\">Calificaci\u00f3n Industrial.<\/span><\/li>\n<li><span class=\"s2\">Informes sanitarios.<\/span><\/li>\n<li><span class=\"s2\">Autorizaciones sanitarias de almacenamiento y disposici\u00f3n de Residuos peligrosos (RESPEL) y no peligrosos, Sustancias peligrosas (SUSPEL), planes de manejo de RESPEL, entre otros.<\/span><\/li>\n<li><span class=\"s2\">Cambios de titularidad de autorizaciones.<\/span><\/li>\n<li><span class=\"s2\">Inscripci\u00f3n y registro de fuentes fijas (F138).<\/span><\/li>\n<\/ul>\n<\/li>\n<li><span class=\"s2\">Auditor\u00edas ambientales.<\/span><\/li>\n<li><span class=\"s2\">Diagn\u00f3sticos normativos y elaboraci\u00f3n de matrices ambientales.<\/span><\/li>\n<li><span class=\"s2\">Reportes de actualizaci\u00f3n de normativa ambiental.<\/span><\/li>\n<li><span class=\"s2\">Evaluaci\u00f3n y diagn\u00f3sticos de sistemas de generaci\u00f3n y manejo de residuos s\u00f3lidos (Peligrosos y no peligrosos), elaboraci\u00f3n de planes de manejo.<\/span><\/li>\n<li><span class=\"s2\">Implementaci\u00f3n de planes de Producci\u00f3n limpia.<\/span><\/li>\n<li><span class=\"s2\">Capacitaciones en manejo de residuos (s\u00f3lidos y l\u00edquidos) y seguridad.<\/span><\/li>\n<li><span class=\"s2\">Ventanilla \u00fanica.<\/span><\/li>\n<\/ul>\n<ul>\n<li><span class=\"s2\">Solicitud de establecimiento.<\/span><\/li>\n<li><span class=\"s2\">Cambio representante legal o encargado establecimiento.<\/span><\/li>\n<li><span class=\"s2\">Declaraciones anuales obligatorias RETC: SINADER, Fuentes fijas F138, 15027, entre otros. <\/span><\/li>\n<\/ul>\n<li><span class=\"s2\">Tramitaci\u00f3n de notificaciones ante la Superintendencia de Medio Ambiente (Informe mantenci\u00f3n grupo electr\u00f3geno, cambio de combustible calderas, entre otros)<\/span><\/li>\n<li><span class=\"s2\">Tramitaci\u00f3n de permisos sectoriales ante el SAG: Subdivisiones, fusiones.<\/span><\/li>\n<\/div><\/div><\/div><\/div><div id=\"pgc-709-2-1\"  class=\"panel-grid-cell\" ><div id=\"panel-709-2-1-0\" class=\"so-panel widget widget_black-studio-tinymce widget_black_studio_tinymce panel-first-child\" data-index=\"3\" ><div class=\"kt-pb-animation kt-pb-fadeInUp kt-pb-duration-900 kt-pb-delay-300 panel-widget-style panel-widget-style-for-709-2-1-0\" ><div class=\"textwidget\"><h2>\t\t\t\t\t\t\t<i class=\"kt-shortcode-icon kt-icon-droplet\" \n\t\tstyle=\"font-size:34px; color:#25b8ed; \n\t\t\t\t \t\t\"><\/i>\n\t\t\t\t\t INGENIERIA AMBIENTAL <\/h2>\n<ul>\n<li><span class=\"s2\">Dise\u00f1o, implementaci\u00f3n y puesta en marcha de sistemas de tratamiento de RILES y aguas servidas.<\/span><\/li>\n<li><span class=\"s2\">Diagn\u00f3sticos y optimizaci\u00f3n de sistemas de tratamiento de RILES y aguas servidas ya implementados.<\/span><\/li>\n<li><span class=\"s2\">Supervisi\u00f3n de plantas de tratamiento de RILES y aguas servidas, incluyendo manejo de personal a cargo de la operaci\u00f3n, coordinaci\u00f3n con proveedores de qu\u00edmicos, insumos y laboratorio, mantenimientos preventivos y control operacional para dar cumplimiento con las normativas ambientales aplicables.<\/span><\/li>\n<li><span class=\"s2\">Realizaci\u00f3n de capacitaciones para operadores de Sistemas de tratamiento de RILES y aguas servidas.<\/span><\/li>\n<li><span class=\"s2\">Up Grade de Sistemas de tratamiento de aguas (Reingenier\u00eda, reparaci\u00f3n y\/o ampliaci\u00f3n de Plantas de tratamiento de aguas servidas, agua potable, aguas de procesos, RILES).<\/span><\/li>\n<li><span class=\"s2\">Dise\u00f1o de Sistemas de purificaci\u00f3n de aguas con equipos FRP (Filtros para turbiedad, carb\u00f3n activado, ablandadores, abatidores de ars\u00e9nico, hierro-manganeso, sistemas de osmosis inversa de bajos flujos, entre otros).<\/span><\/li>\n<\/ul>\n<\/div><\/div><\/div><div id=\"panel-709-2-1-1\" class=\"so-panel widget widget_black-studio-tinymce widget_black_studio_tinymce panel-last-child\" data-index=\"4\" ><div class=\"kt-pb-animation kt-pb-fadeInRight kt-pb-duration-900 kt-pb-delay-300 panel-widget-style panel-widget-style-for-709-2-1-1\" ><div class=\"textwidget\"><h2>\t\t\t\t\t\t\t<i class=\"kt-shortcode-icon kt-icon-exclamation-triangle\" \n\t\tstyle=\"font-size:34px; color:#edcc25; \n\t\t\t\t \t\t\"><\/i>\n\t\t\t\t\t PREVENCION DE RIESGOS<\/h2>\n<ul>\n<li><span class=\"s2\">Programas de prevenci\u00f3n de riesgos.<\/span><\/li>\n<li><span class=\"s2\">Procedimientos de trabajo seguro.<\/span><\/li>\n<li><span class=\"s2\">Reglamento Interno de orden, higiene y seguridad.<\/span><\/li>\n<li><span class=\"s2\">Planes de emergencia y\/o contingencia para transporte, almacenamiento y disposici\u00f3n de residuos peligrosos y no peligrosos, manejo de sustancias.<\/span><\/li>\n<li><span class=\"s2\">Estudios de densidad de carga combustible.<\/span><\/li>\n<\/ul>\n<\/div><\/div><\/div><\/div><\/div><\/div><\/div>","protected":false},"excerpt":{"rendered":"<p>NUESTROS SERVICIOSAplicamos nuestra experiencia y conocimiento en solucionar sus problemas ambientales GESTION AMBIENTAL Elaboraci\u00f3n y tramitaci\u00f3n de Declaraciones de Impacto Ambiental, Consultas de pertinencias, cambio de titularidad, entre otros. Estudios de l\u00ednea base (Estimaci\u00f3n de emisiones atmosf\u00e9ricas, ruido, flora y &hellip; <a class=\"kt-excerpt-readmore more-link\" href=\"https:\/\/www.ciclogestion.cl\/web\/nuestros-servicios-ciclogestion\/\" aria-label=\"Nuestros Servicios &#8211; Ciclogesti\u00f3n\">Leer m\u00e1s<\/a><\/p>\n","protected":false},"author":1,"featured_media":0,"parent":0,"menu_order":0,"comment_status":"closed","ping_status":"closed","template":"","meta":{"kt_blocks_editor_width":"","footnotes":""},"class_list":["post-709","page","type-page","status-publish","hentry"],"_links":{"self":[{"href":"https:\/\/www.ciclogestion.cl\/web\/wp-json\/wp\/v2\/pages\/709","targetHints":{"allow":["GET"]}}],"collection":[{"href":"https:\/\/www.ciclogestion.cl\/web\/wp-json\/wp\/v2\/pages"}],"about":[{"href":"https:\/\/www.ciclogestion.cl\/web\/wp-json\/wp\/v2\/types\/page"}],"author":[{"embeddable":true,"href":"https:\/\/www.ciclogestion.cl\/web\/wp-json\/wp\/v2\/users\/1"}],"replies":[{"embeddable":true,"href":"https:\/\/www.ciclogestion.cl\/web\/wp-json\/wp\/v2\/comments?post=709"}],"version-history":[{"count":34,"href":"https:\/\/www.ciclogestion.cl\/web\/wp-json\/wp\/v2\/pages\/709\/revisions"}],"predecessor-version":[{"id":852,"href":"https:\/\/www.ciclogestion.cl\/web\/wp-json\/wp\/v2\/pages\/709\/revisions\/852"}],"wp:attachment":[{"href":"https:\/\/www.ciclogestion.cl\/web\/wp-json\/wp\/v2\/media?parent=709"}],"curies":[{"name":"wp","href":"https:\/\/api.w.org\/{rel}","templated":true}]}}