{"id":65,"date":"2017-02-10T18:30:30","date_gmt":"2017-02-10T18:30:30","guid":{"rendered":"http:\/\/themes.kadencethemes.com\/ascend-premium-2\/?page_id=65"},"modified":"2019-10-02T13:10:38","modified_gmt":"2019-10-02T16:10:38","slug":"home","status":"publish","type":"page","link":"https:\/\/www.ciclogestion.cl\/web\/","title":{"rendered":"Home"},"content":{"rendered":"<div id=\"pl-gb65-69e6009e41ed1\"  class=\"panel-layout\" ><div id=\"pg-gb65-69e6009e41ed1-0\"  class=\"panel-grid panel-has-style\" ><div class=\"siteorigin-panels-stretch panel-row-style panel-row-style-for-gb65-69e6009e41ed1-0\" data-stretch-type=\"full-width-stretch\" ><div id=\"pgc-gb65-69e6009e41ed1-0-0\"  class=\"panel-grid-cell\" ><div id=\"panel-gb65-69e6009e41ed1-0-0-0\" class=\"so-panel widget widget_sow-hero panel-first-child panel-last-child\" data-index=\"0\" ><div\n\t\t\t\n\t\t\tclass=\"so-widget-sow-hero so-widget-sow-hero-default-1e12d49ec187-65 so-widget-fittext-wrapper\"\n\t\t\t data-fit-text-compressor=\"0.85\"\n\t\t>\t\t\t\t<div class=\"sow-slider-base\" style=\"display: none\" tabindex=\"0\">\n\t\t\t\t\t<ul\n\t\t\t\t\tclass=\"sow-slider-images\"\n\t\t\t\t\tdata-settings=\"{&quot;pagination&quot;:true,&quot;speed&quot;:800,&quot;timeout&quot;:8000,&quot;paused&quot;:false,&quot;pause_on_hover&quot;:false,&quot;swipe&quot;:false,&quot;nav_always_show_desktop&quot;:&quot;&quot;,&quot;nav_always_show_mobile&quot;:true,&quot;breakpoint&quot;:&quot;780px&quot;,&quot;unmute&quot;:false,&quot;anchor&quot;:null}\"\n\t\t\t\t\t\t\t\t\t\tdata-anchor-id=\"\"\n\t\t\t\t>\t\t<li class=\"sow-slider-image  sow-slider-image-cover\" style=\"visibility: visible;;background-color: #0a0a0a\" >\n\t\t\t\t\t<div class=\"sow-slider-image-container\">\n\t\t\t<div class=\"sow-slider-image-wrapper\">\n\t\t\t\t<h1 style=\"text-align: center;line-height: 1em\">APLICAMOS NUESTRA EXPERIENCIA<\/h1>\n<h1 style=\"text-align: center;line-height: 1em\">Y CONOCIMIENTO<\/h1>\n<h1 style=\"text-align: center;line-height: 1em\">EN SOLUCIONAR<\/h1>\n<h1 style=\"text-align: center;line-height: 1em\">SUS PROBLEMAS AMBIENTALES<\/h1>\n<p style=\"text-align: center\"><a href=\"#home-ciclo\" id=\"kadbtn5956\" target=\"_self\" class=\"btn button btn-shortcode lg-kad-btn  \" style=\"background-color:rgba(151, 193, 60, 0.24); border: 1px solid; border-color:#ffffff;  color:#ffffff;\" onMouseOver=\"this.style.color=&#039;#ffffff&#039;\" onMouseOut=\"this.style.color=&#039;#ffffff&#039;\">VER MAS <\/a><\/p>\n\t\t\t<\/div>\n\t\t<\/div>\n\t\t<div class=\"sow-slider-image-overlay sow-slider-image-cover\" style=\"opacity: 0.7;background-image: url(https:\/\/www.ciclogestion.cl\/web\/wp-content\/uploads\/2019\/07\/ciclogestion-home-blue.jpg)\"  ><\/div>\t\t<\/li>\n\t\t\t\t<li class=\"sow-slider-image  sow-slider-image-cover\" style=\"visibility: hidden;;background-color: #0a0a0a\" >\n\t\t\t\t\t<div class=\"sow-slider-image-container\">\n\t\t\t<div class=\"sow-slider-image-wrapper\">\n\t\t\t\t<h1 style=\"text-align: center;line-height: 1em\">ENTREGAMOS UNA SOLUCI\u00d3N<\/h1>\n<h1 style=\"text-align: center;line-height: 1em\">AL TRATAMIENTO DE SUS RESIDUOS<\/h1>\n<h1 style=\"text-align: center;line-height: 1em\">ACORDE AL TAMA\u00d1O DE SU EMPRESA<\/h1>\n<h1 style=\"text-align: center;line-height: 1em\">Y OPTIMIZANDO SUS RECURSOS<\/h1>\n<p style=\"text-align: center;margin-top:20px\"><a href=\"#home-ciclo\" id=\"kadbtn7404\" target=\"_self\" class=\"btn button btn-shortcode lg-kad-btn  \" style=\"background-color:rgba(151, 193, 60, 0.24); border: 1px solid; border-color:#ffffff;  color:#ffffff;\" onMouseOver=\"this.style.color=&#039;#ffffff&#039;\" onMouseOut=\"this.style.color=&#039;#ffffff&#039;\">VER MAS <\/a><\/p>\t\t\t<\/div>\n\t\t<\/div>\n\t\t<div class=\"sow-slider-image-overlay sow-slider-image-cover\" style=\"opacity: 0.7\" data-background=\"url(https:\/\/www.ciclogestion.cl\/web\/wp-content\/uploads\/2019\/07\/ciclogestion-home.jpg)\"  ><\/div>\t\t<\/li>\n\t\t<\/ul>\t\t\t\t<ol class=\"sow-slider-pagination\">\n\t\t\t\t\t\t\t\t\t\t\t<li><a href=\"#\" data-goto=\"0\" aria-label=\"mostrar diapositiva 1\"><\/a><\/li>\n\t\t\t\t\t\t\t\t\t\t\t<li><a href=\"#\" data-goto=\"1\" aria-label=\"mostrar diapositiva 2\"><\/a><\/li>\n\t\t\t\t\t\t\t\t\t<\/ol>\n\n\t\t\t\t<div class=\"sow-slide-nav sow-slide-nav-next\">\n\t\t\t\t\t<a href=\"#\" data-goto=\"next\" aria-label=\"diapositiva siguiente\" data-action=\"next\">\n\t\t\t\t\t\t<em class=\"sow-sld-icon-ultra-thin-right\"><\/em>\n\t\t\t\t\t<\/a>\n\t\t\t\t<\/div>\n\n\t\t\t\t<div class=\"sow-slide-nav sow-slide-nav-prev\">\n\t\t\t\t\t<a href=\"#\" data-goto=\"previous\" aria-label=\"diapositiva anterior\" data-action=\"prev\">\n\t\t\t\t\t\t<em class=\"sow-sld-icon-ultra-thin-left\"><\/em>\n\t\t\t\t\t<\/a>\n\t\t\t\t<\/div>\n\t\t\t\t<\/div><\/div><\/div><\/div><\/div><\/div><div id=\"pg-gb65-69e6009e41ed1-1\"  class=\"panel-grid panel-has-style\" ><div id=\"home-ciclo\" class=\"panel-row-style panel-row-style-for-gb65-69e6009e41ed1-1\" ><div id=\"pgc-gb65-69e6009e41ed1-1-0\"  class=\"panel-grid-cell\" ><div id=\"panel-gb65-69e6009e41ed1-1-0-0\" class=\"so-panel widget widget_sow-headline panel-first-child panel-last-child\" data-index=\"1\" ><div\n\t\t\t\n\t\t\tclass=\"so-widget-sow-headline so-widget-sow-headline-default-2dd73c0637d5-65\"\n\t\t\t\n\t\t><div class=\"sow-headline-container \">\n\t\t\t\t\t\t\t<h1 class=\"sow-headline\">\n\t\t\t\t\t\tPROMOVEMOS LA EFICIENCIA Y LA OPTIMIZACI\u00d3N DE RECURSOS\t\t\t\t\t\t<\/h1>\n\t\t\t\t\t\t\t\t\t\t\t\t<h3 class=\"sow-sub-headline\">\n\t\t\t\t\t\tRealizamos la gesti\u00f3n de todos sus permisos ambientales necesarios para su funcionamiento y cumplimiento de las normativas ambientales vigentes.\t\t\t\t\t\t<\/h3>\n\t\t\t\t\t\t<\/div>\n<\/div><\/div><\/div><\/div><\/div><div id=\"pg-gb65-69e6009e41ed1-2\"  class=\"panel-grid panel-has-style\" ><div class=\"panel-row-style panel-row-style-for-gb65-69e6009e41ed1-2\" ><div id=\"pgc-gb65-69e6009e41ed1-2-0\"  class=\"panel-grid-cell\" ><div id=\"panel-gb65-69e6009e41ed1-2-0-0\" class=\"so-panel widget widget_sow-editor panel-first-child panel-last-child\" data-index=\"2\" ><div\n\t\t\t\n\t\t\tclass=\"so-widget-sow-editor so-widget-sow-editor-base\"\n\t\t\t\n\t\t>\n<div class=\"siteorigin-widget-tinymce textwidget\">\n\t<p style=\"text-align: center;\">\t\t\t\t\t\t\t<i class=\"kt-shortcode-icon kt-icon-leaf\" \n\t\tstyle=\"font-size:54px; color:#97c13c; \n\t\t\t\t \t\t\"><\/i>\n\t\t\t\t\t<\/p>\n<h3 style=\"text-align: center; font-size: 24px;\">Gesti\u00f3n Ambiental<\/h3>\n<p style=\"text-align: center;\">Apoyamos a su empresa en la gesti\u00f3n y tramitaci\u00f3n de las obligaciones y compromisos ambientales (normativos, sectoriales o de est\u00e1ndares definidos por la empresa).<\/p>\n<p style=\"text-align: center;\"><a href=\"\/web\/nuestros-servicios\" id=\"kadbtn941\" target=\"_self\" class=\"btn button btn-shortcode   \" style=\"background-color:#ffffff; border: 1px solid; border-color:#aad68b;  color:#afafaf;\" onMouseOver=\"this.style.background=&#039;#ffffff&#039;,this.style.color=&#039;#81d742&#039;\" onMouseOut=\"this.style.background=&#039;#ffffff&#039;,this.style.color=&#039;#afafaf&#039;\">VER M\u00c1S <\/a><\/p>\n<\/div>\n<\/div><\/div><\/div><div id=\"pgc-gb65-69e6009e41ed1-2-1\"  class=\"panel-grid-cell\" ><div id=\"panel-gb65-69e6009e41ed1-2-1-0\" class=\"so-panel widget widget_sow-editor panel-first-child panel-last-child\" data-index=\"3\" ><div\n\t\t\t\n\t\t\tclass=\"so-widget-sow-editor so-widget-sow-editor-base\"\n\t\t\t\n\t\t>\n<div class=\"siteorigin-widget-tinymce textwidget\">\n\t<p style=\"text-align: center;\">\t\t\t\t\t\t\t<i class=\"kt-shortcode-icon kt-icon-droplet\" \n\t\tstyle=\"font-size:54px; color:#ffbe23; \n\t\t\t\t \t\t\"><\/i>\n\t\t\t\t\t<\/p>\n<h3 style=\"text-align: center; font-size: 24px;\">Ingenier\u00eda Ambiental<\/h3>\n<p style=\"text-align: center;\">Caracterizamos sus residuos industriales l\u00edquidos para posteriormente dise\u00f1ar un sistema de tratamiento de \u00e9stos acorde a las necesidades de la empresa y que de cumplimiento a la normativa ambiental aplicable.<\/p>\n<p style=\"text-align: center;\"><a href=\"\/web\/nuestros-servicios\" id=\"kadbtn7819\" target=\"_self\" class=\"btn button btn-shortcode   \" style=\"background-color:#ffffff; border: 1px solid; border-color:#aad68b;  color:#afafaf;\" onMouseOver=\"this.style.background=&#039;#ffffff&#039;,this.style.color=&#039;#81d742&#039;\" onMouseOut=\"this.style.background=&#039;#ffffff&#039;,this.style.color=&#039;#afafaf&#039;\">VER M\u00c1S <\/a><\/p>\n<\/div>\n<\/div><\/div><\/div><\/div><\/div><\/div>","protected":false},"excerpt":{"rendered":"","protected":false},"author":1,"featured_media":0,"parent":0,"menu_order":0,"comment_status":"closed","ping_status":"closed","template":"","meta":{"kt_blocks_editor_width":"","footnotes":""},"class_list":["post-65","page","type-page","status-publish","hentry"],"_links":{"self":[{"href":"https:\/\/www.ciclogestion.cl\/web\/wp-json\/wp\/v2\/pages\/65","targetHints":{"allow":["GET"]}}],"collection":[{"href":"https:\/\/www.ciclogestion.cl\/web\/wp-json\/wp\/v2\/pages"}],"about":[{"href":"https:\/\/www.ciclogestion.cl\/web\/wp-json\/wp\/v2\/types\/page"}],"author":[{"embeddable":true,"href":"https:\/\/www.ciclogestion.cl\/web\/wp-json\/wp\/v2\/users\/1"}],"replies":[{"embeddable":true,"href":"https:\/\/www.ciclogestion.cl\/web\/wp-json\/wp\/v2\/comments?post=65"}],"version-history":[{"count":114,"href":"https:\/\/www.ciclogestion.cl\/web\/wp-json\/wp\/v2\/pages\/65\/revisions"}],"predecessor-version":[{"id":808,"href":"https:\/\/www.ciclogestion.cl\/web\/wp-json\/wp\/v2\/pages\/65\/revisions\/808"}],"wp:attachment":[{"href":"https:\/\/www.ciclogestion.cl\/web\/wp-json\/wp\/v2\/media?parent=65"}],"curies":[{"name":"wp","href":"https:\/\/api.w.org\/{rel}","templated":true}]}}